{"id":3339,"date":"2014-06-11T13:24:57","date_gmt":"2014-06-11T13:24:57","guid":{"rendered":"http:\/\/pexetothemes.com\/demos\/story_demos\/health-and-lifestyle\/?page_id=5"},"modified":"2021-08-29T18:03:52","modified_gmt":"2021-08-29T16:03:52","slug":"home","status":"publish","type":"page","link":"https:\/\/truffes-sans-toit.fr\/","title":{"rendered":"Accueil"},"content":{"rendered":"<div class=\"section-full-width section-dark\" style=\"background-color:#d1d1d1;\" id=\"l39association\"><div class=\"section-boxed\" style=\"color:#252525;\"><h2 class=\"section-title\" style=\"color:#f44336;\">L&#39;Association<\/h2><h4 style=\"color:#f44336;\" class=\"sub-title\">Qui sommes-nous ?<\/h4><\/p>\n<p style=\"text-align: left;\"><strong>Nous sauvons les chats, chiens et NAC errants, abandonn\u00e9s ou souffrant de maltraitances.<\/strong><\/p>\n<p style=\"text-align: left;\">Nous ne poss\u00e9dons pas de refuges et travaillons uniquement avec des <strong>familles d\u2019accueil<\/strong>.<\/p>\n<p style=\"text-align: left;\"><strong>Une fois l\u2019animal pris en charge<\/strong>, il <strong>rejoint sa famille<\/strong> d\u2019accueil dans laquelle il va \u00eatre <strong>soign\u00e9, sociabilis\u00e9 et choy\u00e9 jusqu\u2019\u00e0 son adoption.<\/strong><\/p>\n<p style=\"text-align: left;\">Le fait de <strong>placer les animaux en famille d\u2019accueil est un avantage<\/strong> car nous <strong>connaissons<\/strong> par c\u0153ur <strong>leurs caract\u00e8res<\/strong>, leurs besoins et leurs ententes.<\/p>\n<p style=\"text-align: left;\">Nous sommes \u00e0 ce jour <strong>seize membres actifs<\/strong> dans l\u2019association, et <strong>travaillons b\u00e9n\u00e9volement<\/strong> pour mener \u00e0 bien notre projet.<\/p>\n<p style=\"text-align: left;\"><strong>Nous sommes en recrutement permanent de nouveaux b\u00e9n\u00e9voles<\/strong> que ce soit pour nous <strong>aider administrativement<\/strong> mais aussi pour <strong>faire des pr\u00e9-visites, des covoiturages, des photos<\/strong> de nos prot\u00e9g\u00e9s ou encore <strong>nous accompagner<\/strong> sur les \u00e9v\u00e9nements.<\/p>\n<p style=\"text-align: left;\">Les crit\u00e8res ? \u00catre passionn\u00e9 et investit !<\/p>\n<p>\n<\/div><\/div>\n<div class=\"section-full-width section-dark\" style=\"background-color:#252525;\" id=\"notremission\"><div class=\"section-boxed\" style=\"color:#d1d1d1;\"><h2 class=\"section-title\" style=\"color:#f44336;\">Notre mission<\/h2><\/p>\n<p style=\"text-align: justify;\"><strong>Trouver un toit<\/strong> \u00e0 toutes ces petites truffes qui n&rsquo;en ont pas.<\/p>\n<p style=\"text-align: justify;\">Depuis\u00a0<strong>septembre 2018<\/strong>, l\u2019association r\u00e9unit une \u00e9quipe de passionn\u00e9s des animaux et s\u2019est donn\u00e9 une mission.<\/p>\n<h2 style=\"text-align: justify;\"><strong>Laquelle ?<\/strong><\/h2>\n<p style=\"text-align: justify;\">Celle de venir en aide aux truffes sans toit, celles qui sont abandonn\u00e9es, maltrait\u00e9es, errantes&#8230; et de leur offrir le confort, la chaleur et l\u2019amour d\u2019un foyer pour la vie.<\/p>\n<h2 style=\"text-align: justify;\"><strong>Comment ?\u00a0<\/strong><span style=\"font-size: 14.4px;\">\u00a0<\/span><\/h2>\n<p style=\"text-align: justify;\">En les prenant en charge et en les pla\u00e7ant dans des familles d\u2019accueil de fa\u00e7on \u00e0 leur redonner confiance en l\u2019amour de l\u2019humain.<\/p>\n<p style=\"text-align: justify;\"><strong>Et pour r\u00e9ussir notre mission nous avons besoin de vous !<\/strong><\/p>\n<p>\n<\/div><\/div>\n<div class=\"section-full-width section-dark\" style=\"background-color:#d1d1d1;\" id=\"proc\u00e9dure\"><div class=\"section-boxed\" style=\"color:#252525;\"><h2 class=\"section-title\" style=\"color:#f44336;\">Proc\u00e9dure<\/h2><\/p>\n<div class=\"cols-wrapper cols-2 cols-default\">\n<div class=\"col\">\n<p style=\"text-align: center;\"><img fetchpriority=\"high\" fetchpriority=\"high\" decoding=\"async\" src=\"http:\/\/truffes-sans-toit.fr\/wp-content\/uploads\/2019\/10\/img_merci.jpg\" width=\"330\" height=\"302\" \/><\/p>\n<\/div>\n<div class=\"col nomargin\">\n<p style=\"text-align: justify;\">\u2022 Rep\u00e9rer l\u2019animal sur Facebook, Instagram ou sur le site.<\/p>\n<p style=\"text-align: justify;\">\u2022 Nous envoyer un mail \u00e0 truffes.sanstoit@gmail.com.<\/p>\n<p style=\"text-align: justify;\">\u2022 Remplir le formulaire de demande d\u2019adoption.<\/p>\n<p style=\"text-align: justify;\">\u2022 Renvoyer le formulaire de demande d\u2019adoption.<\/p>\n<p style=\"text-align: justify;\">\u2022 \u00c9changer par t\u00e9l\u00e9phone avec un b\u00e9n\u00e9vole ou, dans certains cas particuliers, accueillir un b\u00e9n\u00e9vole \u00e0 votre domicile pour effectuer la pr\u00e9-visite.<\/p>\n<p style=\"text-align: justify;\">\u2022 Aller rencontrer l\u2019animal dans sa famille d\u2019accueil et voir si la magie op\u00e8re.<\/p>\n<p style=\"text-align: justify;\">\u2022 Revenir pour l\u2019adoption et ramener l\u2019animal chez soi.<\/p>\n<\/div>\n<\/div>\n<p>\n<\/div><\/div>\n<div class=\"section-full-width section-dark\" style=\"background-color:#252525;\" id=\"notre\u00e9quipe\"><div class=\"section-boxed\" style=\"color:#d1d1d1;\"><h2 class=\"section-title\" style=\"color:#f44336;\">Notre \u00e9quipe<\/h2><div class=\"services-wrapper services-thumbnail pexeto-parallax\"><div class=\"services-box col\"><div class=\"thumbnail-wrapper\"><div class=\"services-img\" style=\"background-image:url(https:\/\/truffes-sans-toit.fr\/wp-content\/uploads\/2026\/04\/670120200_1275169011404993_6372407310065463068_n-235x235.jpg)\"><\/div><div class=\"services-content\"><div class=\"sc-wraper\"><h3>Marion<\/h3><p>Pr\u00e9sidente Fondatrice<\/p><\/div><\/div><\/div><\/div><div class=\"services-box col\"><div class=\"thumbnail-wrapper\"><div class=\"services-img\" style=\"background-image:url(https:\/\/truffes-sans-toit.fr\/wp-content\/uploads\/2022\/12\/be\u0301re\u0301nice-235x235.jpeg)\"><\/div><div class=\"services-content\"><div class=\"sc-wraper\"><h3>B\u00e9r\u00e9nice<\/h3><p>Vice-pr\u00e9sidente<\/p><\/div><\/div><\/div><\/div><div class=\"services-box col\"><div class=\"thumbnail-wrapper\"><div class=\"services-img\" style=\"background-image:url(http:\/\/truffes-sans-toit.fr\/wp-content\/uploads\/2021\/02\/CLEMENCE-1-235x235.png)\"><\/div><div class=\"services-content\"><div class=\"sc-wraper\"><h3>Cl\u00e9mence<\/h3><p>Secr\u00e9taire<\/p><\/div><\/div><\/div><\/div><div class=\"services-box col\"><div class=\"thumbnail-wrapper\"><div class=\"services-img\" style=\"background-image:url(https:\/\/truffes-sans-toit.fr\/wp-content\/uploads\/2026\/03\/Julien-235x235.jpg)\"><\/div><div class=\"services-content\"><div class=\"sc-wraper\"><h3>Julien<\/h3><p>Tr\u00e9sorier<\/p><\/div><\/div><\/div><\/div><div class=\"services-box col\"><div class=\"thumbnail-wrapper\"><div class=\"services-img\" style=\"background-image:url(https:\/\/truffes-sans-toit.fr\/wp-content\/uploads\/2026\/04\/645755878_1423364032665939_2630072597266227817_n-e1773074910713-235x235.png)\"><\/div><div class=\"services-content\"><div class=\"sc-wraper\"><h3>Amandine<\/h3><p>Responsable des pr\u00e9-visites<\/p><\/div><\/div><\/div><\/div><div class=\"services-box col\"><div class=\"thumbnail-wrapper\"><div class=\"services-img\" style=\"background-image:url(https:\/\/truffes-sans-toit.fr\/wp-content\/uploads\/2024\/01\/gwenaelle-235x235.jpg)\"><\/div><div class=\"services-content\"><div class=\"sc-wraper\"><h3>Gwena\u00eblle<\/h3><p>Responsable du p\u00f4le photographie<\/p><\/div><\/div><\/div><\/div><div class=\"services-box col\"><div class=\"thumbnail-wrapper\"><div class=\"services-img\" style=\"background-image:url(http:\/\/truffes-sans-toit.fr\/wp-content\/uploads\/2021\/02\/jennifer1-235x235.png)\"><\/div><div class=\"services-content\"><div class=\"sc-wraper\"><h3>Jennifer<\/h3><p>B\u00e9n\u00e9vole du p\u00f4le v\u00e9t\u00e9rinaire<\/p><\/div><\/div><\/div><\/div><div class=\"services-box col\"><div class=\"thumbnail-wrapper\"><div class=\"services-img\" style=\"background-image:url(https:\/\/truffes-sans-toit.fr\/wp-content\/uploads\/2026\/03\/Ophelie-235x235.jpg)\"><\/div><div class=\"services-content\"><div class=\"sc-wraper\"><h3>Oph\u00e9lie<\/h3><p>B\u00e9n\u00e9vole du p\u00f4le v\u00e9t\u00e9rinaire<\/p><\/div><\/div><\/div><\/div><div class=\"services-box col\"><div class=\"thumbnail-wrapper\"><div class=\"services-img\" style=\"background-image:url(https:\/\/truffes-sans-toit.fr\/wp-content\/uploads\/2026\/03\/Sophie-235x235.jpg)\"><\/div><div class=\"services-content\"><div class=\"sc-wraper\"><h3>Sophie<\/h3><p>B\u00e9n\u00e9vole du p\u00f4le v\u00e9t\u00e9rinaire et du p\u00f4le r\u00e9seaux sociaux<\/p><\/div><\/div><\/div><\/div><div class=\"services-box col\"><div class=\"thumbnail-wrapper\"><div class=\"services-img\" style=\"background-image:url(https:\/\/truffes-sans-toit.fr\/wp-content\/uploads\/2026\/03\/Charline-235x235.jpg)\"><\/div><div class=\"services-content\"><div class=\"sc-wraper\"><h3>Charline<\/h3><p>B\u00e9n\u00e9vole du p\u00f4le v\u00e9t\u00e9rinaire et du site internet<\/p><\/div><\/div><\/div><\/div><div class=\"services-box col\"><div class=\"thumbnail-wrapper\"><div class=\"services-img\" style=\"background-image:url(https:\/\/truffes-sans-toit.fr\/wp-content\/uploads\/2024\/01\/clemence-235x235.jpg)\"><\/div><div class=\"services-content\"><div class=\"sc-wraper\"><h3>Cl\u00e9mence<\/h3><p>B\u00e9n\u00e9vole du p\u00f4le v\u00e9t\u00e9rinaire et du p\u00f4le association<\/p><\/div><\/div><\/div><\/div><div class=\"services-box col\"><div class=\"thumbnail-wrapper\"><div class=\"services-img\" style=\"background-image:url(https:\/\/truffes-sans-toit.fr\/wp-content\/uploads\/2024\/03\/400985710_659908789603139_8644498844342150374_n-235x235.jpg)\"><\/div><div class=\"services-content\"><div class=\"sc-wraper\"><h3>Val\u00e9rie<\/h3><p>B\u00e9n\u00e9vole du p\u00f4le association<\/p><\/div><\/div><\/div><\/div><div class=\"services-box col\"><div class=\"thumbnail-wrapper\"><div class=\"services-img\" style=\"background-image:url(https:\/\/truffes-sans-toit.fr\/wp-content\/uploads\/2023\/02\/cristina-235x235.jpeg)\"><\/div><div class=\"services-content\"><div class=\"sc-wraper\"><h3>Cristina <\/h3><p>B\u00e9n\u00e9vole du p\u00f4le association<\/p><\/div><\/div><\/div><\/div><div class=\"services-box col\"><div class=\"thumbnail-wrapper\"><div class=\"services-img\" style=\"background-image:url(https:\/\/truffes-sans-toit.fr\/wp-content\/uploads\/2023\/11\/Caroline-1-235x235.jpg)\"><\/div><div class=\"services-content\"><div class=\"sc-wraper\"><h3>Caroline<\/h3><p>B\u00e9n\u00e9vole du p\u00f4le association et du p\u00f4le DOM-TOM<\/p><\/div><\/div><\/div><\/div><div class=\"services-box col\"><div class=\"thumbnail-wrapper\"><div class=\"services-img\" style=\"background-image:url(https:\/\/truffes-sans-toit.fr\/wp-content\/uploads\/2022\/12\/lison-235x235.jpeg)\"><\/div><div class=\"services-content\"><div class=\"sc-wraper\"><h3>Lison<\/h3><p>B\u00e9n\u00e9vole du p\u00f4le DOM-TOM<\/p><\/div><\/div><\/div><\/div><div class=\"services-box col\"><div class=\"thumbnail-wrapper\"><div class=\"services-img\" style=\"background-image:url(https:\/\/truffes-sans-toit.fr\/wp-content\/uploads\/2021\/05\/169917497_2606168459683498_2103831632713920306_n-e1622466753226-235x235.jpg)\"><\/div><div class=\"services-content\"><div class=\"sc-wraper\"><h3>Anne-Sophie<\/h3><p>B\u00e9n\u00e9vole du p\u00f4le adoption<\/p><\/div><\/div><\/div><\/div><div class=\"services-box col\"><div class=\"thumbnail-wrapper\"><div class=\"services-img\" style=\"background-image:url(http:\/\/truffes-sans-toit.fr\/wp-content\/uploads\/2021\/02\/Charlotte-235x235.png)\"><\/div><div class=\"services-content\"><div class=\"sc-wraper\"><h3>Charlotte<\/h3><p>B\u00e9n\u00e9vole du p\u00f4le pr\u00e9-visites et du site internet<\/p><\/div><\/div><\/div><\/div><div class=\"services-box col\"><div class=\"thumbnail-wrapper\"><div class=\"services-img\" style=\"background-image:url(https:\/\/truffes-sans-toit.fr\/wp-content\/uploads\/2026\/03\/Justine-NB-235x235.jpg)\"><\/div><div class=\"services-content\"><div class=\"sc-wraper\"><h3>Justine<\/h3><p>B\u00e9n\u00e9vole du p\u00f4le pr\u00e9-visites<\/p><\/div><\/div><\/div><\/div><div class=\"services-box col\"><div class=\"thumbnail-wrapper\"><div class=\"services-img\" style=\"background-image:url(https:\/\/truffes-sans-toit.fr\/wp-content\/uploads\/2026\/03\/Cecile-NB-235x235.jpg)\"><\/div><div class=\"services-content\"><div class=\"sc-wraper\"><h3>C\u00e9cile<\/h3><p>B\u00e9n\u00e9vole du p\u00f4le pr\u00e9-visites<\/p><\/div><\/div><\/div><\/div><div class=\"services-box col\"><div class=\"thumbnail-wrapper\"><div class=\"services-img\" style=\"background-image:url(https:\/\/truffes-sans-toit.fr\/wp-content\/uploads\/2026\/03\/cloe-235x235.jpg)\"><\/div><div class=\"services-content\"><div class=\"sc-wraper\"><h3>Clo\u00e9<\/h3><p>B\u00e9n\u00e9vole du p\u00f4le pr\u00e9-visites<\/p><\/div><\/div><\/div><\/div><div class=\"services-box col\"><div class=\"thumbnail-wrapper\"><div class=\"services-img\" style=\"background-image:url(https:\/\/truffes-sans-toit.fr\/wp-content\/uploads\/2026\/03\/Esther-e1772983675631-235x235.jpg)\"><\/div><div class=\"services-content\"><div class=\"sc-wraper\"><h3>Esther<\/h3><p>B\u00e9n\u00e9vole du p\u00f4le r\u00e9seaux sociaux<\/p><\/div><\/div><\/div><\/div><div class=\"services-box col\"><div class=\"thumbnail-wrapper\"><div class=\"services-img\" style=\"background-image:url(http:\/\/truffes-sans-toit.fr\/wp-content\/uploads\/2021\/02\/Allya1-235x235.png)\"><\/div><div class=\"services-content\"><div class=\"sc-wraper\"><h3>Mona<\/h3><p>Graphiste<\/p><\/div><\/div><\/div><\/div><div class=\"clear\"><\/div><\/div>\n<\/div><\/div>\n","protected":false},"excerpt":{"rendered":"","protected":false},"author":1,"featured_media":0,"parent":0,"menu_order":0,"comment_status":"closed","ping_status":"closed","template":"template-full-custom.php","meta":{"_uag_custom_page_level_css":"","footnotes":""},"class_list":["post-3339","page","type-page","status-publish","hentry"],"uagb_featured_image_src":{"full":false,"thumbnail":false,"medium":false,"medium_large":false,"large":false,"1536x1536":false,"2048x2048":false,"woocommerce_thumbnail":false,"woocommerce_single":false,"woocommerce_gallery_thumbnail":false},"uagb_author_info":{"display_name":"admin4264","author_link":"https:\/\/truffes-sans-toit.fr\/?author=1"},"uagb_comment_info":0,"uagb_excerpt":null,"_links":{"self":[{"href":"https:\/\/truffes-sans-toit.fr\/index.php?rest_route=\/wp\/v2\/pages\/3339","targetHints":{"allow":["GET"]}}],"collection":[{"href":"https:\/\/truffes-sans-toit.fr\/index.php?rest_route=\/wp\/v2\/pages"}],"about":[{"href":"https:\/\/truffes-sans-toit.fr\/index.php?rest_route=\/wp\/v2\/types\/page"}],"author":[{"embeddable":true,"href":"https:\/\/truffes-sans-toit.fr\/index.php?rest_route=\/wp\/v2\/users\/1"}],"replies":[{"embeddable":true,"href":"https:\/\/truffes-sans-toit.fr\/index.php?rest_route=%2Fwp%2Fv2%2Fcomments&post=3339"}],"version-history":[{"count":93,"href":"https:\/\/truffes-sans-toit.fr\/index.php?rest_route=\/wp\/v2\/pages\/3339\/revisions"}],"predecessor-version":[{"id":5002,"href":"https:\/\/truffes-sans-toit.fr\/index.php?rest_route=\/wp\/v2\/pages\/3339\/revisions\/5002"}],"wp:attachment":[{"href":"https:\/\/truffes-sans-toit.fr\/index.php?rest_route=%2Fwp%2Fv2%2Fmedia&parent=3339"}],"curies":[{"name":"wp","href":"https:\/\/api.w.org\/{rel}","templated":true}]}}